{"id":16880,"date":"2022-08-31T17:21:45","date_gmt":"2022-08-31T17:21:45","guid":{"rendered":"https:\/\/onivocuisine.com\/after-sales-service\/"},"modified":"2024-01-24T19:52:58","modified_gmt":"2024-01-24T19:52:58","slug":"after-sales-service","status":"publish","type":"page","link":"https:\/\/onivocuisine.com\/en\/after-sales-service\/","title":{"rendered":"After sales service"},"content":{"rendered":"<p>[vc_row full_width=&#8221;stretch_row&#8221; gap=&#8221;0&#8243; full_height=&#8221;yes&#8221; columns_placement=&#8221;stretch&#8221; equal_height=&#8221;yes&#8221; content_placement=&#8221;middle&#8221; luminosity=&#8221;dark&#8221; bg_position=&#8221;left center&#8221; css=&#8221;.vc_custom_1661872192101{background-color: #262626 !important;background-position: center !important;background-repeat: no-repeat !important;background-size: contain !important;}&#8221; data_tooltip=&#8221;Mobile Connection&#8221;][vc_column offset=&#8221;vc_col-md-6&#8243; responsive_css=&#8221;padding_top_large:150px|padding_bottom_large:150px|padding_top_medium:0px|padding_right_medium:10vmax|padding_bottom_medium:0px|padding_left_medium:10vmax&#8221; css=&#8221;.vc_custom_1663101233644{padding-top: 50px !important;padding-right: 15px !important;padding-bottom: 50px !important;padding-left: 15px !important;}&#8221;]<style>.ld_fancy_heading_69d0a1a06679e h2{color:rgb(159, 159, 159);}.ld_fancy_heading_69d0a1a06679e h2 {font-size:11vw; } @media (min-width: 768px) { .ld_fancy_heading_69d0a1a06679e h2 {font-size:8vw; }  } @media (min-width: 992px) { .ld_fancy_heading_69d0a1a06679e h2 {font-size:7vmin; }  } .ld_fancy_heading_69d0a1a06679e h2 {margin-bottom:0.35em !important;  } .ld_fancy_heading_69d0a1a06679e .lqd-highlight-inner svg{height:0.275em!important;fill:rgb(255, 255, 255)!important;}.ld_fancy_heading_69d0a1a06679e h2 {font-size:11vw; } @media (min-width: 768px) { .ld_fancy_heading_69d0a1a06679e h2 {font-size:8vw; }  } @media (min-width: 992px) { .ld_fancy_heading_69d0a1a06679e h2 {font-size:7vmin; }  } .ld_fancy_heading_69d0a1a06679e h2 {margin-bottom:0.35em !important;  } .ld_fancy_heading_69d0a1a06679e .lqd-highlight-inner{bottom:0px!important;}.ld_fancy_heading_69d0a1a06679e h2 {font-size:11vw; } @media (min-width: 768px) { .ld_fancy_heading_69d0a1a06679e h2 {font-size:8vw; }  } @media (min-width: 992px) { .ld_fancy_heading_69d0a1a06679e h2 {font-size:7vmin; }  } .ld_fancy_heading_69d0a1a06679e h2 {margin-bottom:0.35em !important;  } <\/style><div class=\"ld-fancy-heading text-uppercase ld_fancy_heading_69d0a1a06679e\">\n\t<h2 class=\"ld-fh-element lqd-highlight-custom-underline lqd-highlight-grow-left text-decoration-default lqd-split-lines\"   data-split-text=\"true\" data-split-options='{\"type\":\"lines\"}' data-custom-animations=\"true\" data-ca-options='{\"triggerHandler\":\"inview\",\"animationTarget\":\".lqd-lines > .split-inner\",\"duration\":\"1800\",\"startDelay\":\"500\",\"delay\":\"100\",\"ease\":\"power4.out\",\"direction\":\"forward\",\"initValues\":{\"opacity\":0},\"animations\":{\"opacity\":1}}'>  YOUR<br \/>\nSATISFACTION,<br \/>\nOUR<br \/>\nPRIORITY<\/h2><\/div><style>.ld_spacer_69d0a1a0694be{height:22px;}<\/style>\n<div class=\"ld-empty-space ld_spacer_69d0a1a0694be\"><\/div><style>.ld_fancy_heading_69d0a1a0698cb p{color:rgba(159, 159, 159, 0.86);}.ld_fancy_heading_69d0a1a0698cb p {font-size:23px; } .ld_fancy_heading_69d0a1a0698cb p {line-height:1.52em; } .ld_fancy_heading_69d0a1a0698cb p {--element-line-height:1.52em; } .ld_fancy_heading_69d0a1a0698cb p {margin-bottom:1.75em !important;  } .ld_fancy_heading_69d0a1a0698cb .lqd-highlight-inner{height:0.275em!important;bottom:0px!important;}.ld_fancy_heading_69d0a1a0698cb p {font-size:23px; } .ld_fancy_heading_69d0a1a0698cb p {line-height:1.52em; } .ld_fancy_heading_69d0a1a0698cb p {--element-line-height:1.52em; } .ld_fancy_heading_69d0a1a0698cb p {margin-bottom:1.75em !important;  } <\/style><div class=\"ld-fancy-heading ld_fancy_heading_69d0a1a0698cb\">\n\t<p class=\"ld-fh-element lqd-highlight-underline lqd-highlight-grow-left text-decoration-default lqd-split-words\"   data-split-text=\"true\" data-split-options='{\"type\":\"words\"}' data-custom-animations=\"true\" data-ca-options='{\"triggerHandler\":\"inview\",\"animationTarget\":\".lqd-words > .split-inner\",\"duration\":\"1800\",\"startDelay\":\"850\",\"delay\":\"80\",\"ease\":\"power4.out\",\"direction\":\"forward\",\"initValues\":{\"y\":-1,\"opacity\":0},\"animations\":{\"y\":0,\"opacity\":1}}'>  Our priority extends far beyond merely completing your renovation project. We aim to craft an unforgettable customer experience that solidifies your trust and support because it is these elements that distinguish our company in a competitive marketplace.<\/p>\n<p>Your satisfaction is not confined to the project&#8217;s delivery; it reflects your entire interaction with our team, from the initial consultation to the final touches.<\/p><\/div>[\/vc_column][vc_column bg_position=&#8221;center top&#8221; offset=&#8221;vc_col-md-6&#8243; css=&#8221;.vc_custom_1663708395855{padding-top: 20vh !important;padding-bottom: 20vh !important;background-image: url(https:\/\/onivocuisine.com\/wp-content\/uploads\/2022\/09\/onivo_lifestyle-21.jpg?id=15408) !important;background-position: center !important;background-repeat: no-repeat !important;background-size: cover !important;}&#8221;][\/vc_column][\/vc_row][vc_row full_width=&#8221;stretch_row&#8221; gap=&#8221;0&#8243;][vc_column width=&#8221;1\/2&#8243; responsive_css=&#8221;margin_left_large:-20px&#8221;]<style>.ld_button_69d0a1a06b4cc.btn-icon-solid .btn-icon{background:rgb(224, 225, 227);}.ld_button_69d0a1a06b4cc.btn-icon-circle.btn-icon-ripple .btn-icon:before{border-color:rgb(224, 225, 227);}.ld_button_69d0a1a06b4cc{background-color:rgb(224, 225, 227);border-color:rgb(224, 225, 227);color:rgb(38, 38, 38);}.ld_button_69d0a1a06b4cc .btn-gradient-border defs stop:first-child{stop-color:rgb(224, 225, 227);}.ld_button_69d0a1a06b4cc .btn-gradient-border defs stop:last-child{stop-color:rgb(224, 225, 227);}.ld_button_69d0a1a06b4cc {font-size:30px; } .ld_button_69d0a1a06b4cc {font-weight:600; } .ld_button_69d0a1a06b4cc {font-size:30px; } .ld_button_69d0a1a06b4cc {font-weight:600; } .ld_button_69d0a1a06b4cc {font-size:30px; } .ld_button_69d0a1a06b4cc {font-weight:600; } .ld_button_69d0a1a06b4cc {font-size:30px; } .ld_button_69d0a1a06b4cc {font-weight:600; } <\/style><a href=\"https:\/\/onivocuisine.com\/en\/home-visit\/\" title=\"Visite \u00e0 domicile\" class=\"btn btn-solid btn-xlg border-thicker btn-block btn-has-label ld_button_69d0a1a06b4cc vc_custom_1705949691434\" >\n\t<span>\n\t\n\t\t\t\t\t<span class=\"btn-txt\" data-text=\"Home visit\" >Home visit<\/span>\n\t\t\n\t\t\t\t\t<\/span>\n<\/a>\n[\/vc_column][vc_column width=&#8221;1\/2&#8243; responsive_css=&#8221;margin_right_large:-20px&#8221;]<style>.ld_button_69d0a1a06f1f1.btn-icon-solid .btn-icon{background:rgb(38, 38, 38);}.ld_button_69d0a1a06f1f1.btn-icon-circle.btn-icon-ripple .btn-icon:before{border-color:rgb(38, 38, 38);}.ld_button_69d0a1a06f1f1{background-color:rgb(38, 38, 38);border-color:rgb(38, 38, 38);}.ld_button_69d0a1a06f1f1 .btn-gradient-border defs stop:first-child{stop-color:rgb(38, 38, 38);}.ld_button_69d0a1a06f1f1 .btn-gradient-border defs stop:last-child{stop-color:rgb(38, 38, 38);}.ld_button_69d0a1a06f1f1 {font-size:30px; } .ld_button_69d0a1a06f1f1 {font-weight:600; } .ld_button_69d0a1a06f1f1 {font-size:30px; } .ld_button_69d0a1a06f1f1 {font-weight:600; } .ld_button_69d0a1a06f1f1 {font-size:30px; } .ld_button_69d0a1a06f1f1 {font-weight:600; } .ld_button_69d0a1a06f1f1 {font-size:30px; } .ld_button_69d0a1a06f1f1 {font-weight:600; } <\/style><a href=\"https:\/\/onivocuisine.com\/en\/branch-visit\/\" title=\"Visite en succursale\" class=\"btn btn-solid btn-xlg border-thicker btn-block btn-has-label ld_button_69d0a1a06f1f1 vc_custom_1705949712660\" >\n\t<span>\n\t\n\t\t\t\t\t<span class=\"btn-txt\" data-text=\"Branch visit\" >Branch visit<\/span>\n\t\t\n\t\t\t\t\t<\/span>\n<\/a>\n[\/vc_column][\/vc_row]<\/p>\n","protected":false},"excerpt":{"rendered":"<p>[vc_row full_width=&#8221;stretch_row&#8221; gap=&#8221;0&#8243; full_height=&#8221;yes&#8221; columns_placement=&#8221;stretch&#8221; equal_height=&#8221;yes&#8221; content_placement=&#8221;middle&#8221; luminosity=&#8221;dark&#8221; bg_position=&#8221;left center&#8221; css=&#8221;.vc_custom_1661872192101{background-color: #262626 !important;background-position: center !important;background-repeat: no-repeat !important;background-size: contain !important;}&#8221; data_tooltip=&#8221;Mobile Connection&#8221;][vc_column offset=&#8221;vc_col-md-6&#8243; responsive_css=&#8221;padding_top_large:150px|padding_bottom_large:150px|padding_top_medium:0px|padding_right_medium:10vmax|padding_bottom_medium:0px|padding_left_medium:10vmax&#8221; css=&#8221;.vc_custom_1663101233644{padding-top: 50px !important;padding-right: 15px !important;padding-bottom: 50px !important;padding-left: 15px !important;}&#8221;][\/vc_column][vc_column bg_position=&#8221;center top&#8221; offset=&#8221;vc_col-md-6&#8243; css=&#8221;.vc_custom_1663708395855{padding-top: 20vh !important;padding-bottom: 20vh !important;background-image: url(https:\/\/onivocuisine.com\/wp-content\/uploads\/2022\/09\/onivo_lifestyle-21.jpg?id=15408) !important;background-position: center !important;background-repeat: no-repeat !important;background-size: cover !important;}&#8221;][\/vc_column][\/vc_row][vc_row full_width=&#8221;stretch_row&#8221; gap=&#8221;0&#8243;][vc_column width=&#8221;1\/2&#8243; responsive_css=&#8221;margin_left_large:-20px&#8221;][\/vc_column][vc_column width=&#8221;1\/2&#8243; responsive_css=&#8221;margin_right_large:-20px&#8221;][\/vc_column][\/vc_row]<\/p>\n","protected":false},"author":7,"featured_media":0,"parent":0,"menu_order":0,"comment_status":"closed","ping_status":"closed","template":"","meta":{"footnotes":""},"class_list":["post-16880","page","type-page","status-publish","hentry"],"yoast_head":"<!-- This site is optimized with the Yoast SEO plugin v27.3 - https:\/\/yoast.com\/product\/yoast-seo-wordpress\/ -->\n<title>Service apr\u00e8s-vente sans faille | Onivo | Rive-sud<\/title>\n<meta name=\"description\" content=\"Nous avons \u00e0 c\u0153ur de bien vous servir. Votre confiance, votre soutien et votre fid\u00e9lit\u00e9 sont essentiels \u00e0 la r\u00e9ussite de notre entreprise. C\u2019est pourquoi m\u00eame apr\u00e8s la vente, nous vous apportons tout autant d\u2019attention.\" \/>\n<meta name=\"robots\" content=\"index, follow, max-snippet:-1, max-image-preview:large, max-video-preview:-1\" \/>\n<link rel=\"canonical\" href=\"https:\/\/onivocuisine.com\/en\/after-sales-service\/\" \/>\n<meta property=\"og:locale\" content=\"en_US\" \/>\n<meta property=\"og:type\" content=\"article\" \/>\n<meta property=\"og:title\" content=\"Service apr\u00e8s-vente sans faille | Onivo | Rive-sud\" \/>\n<meta property=\"og:description\" content=\"Nous avons \u00e0 c\u0153ur de bien vous servir. Votre confiance, votre soutien et votre fid\u00e9lit\u00e9 sont essentiels \u00e0 la r\u00e9ussite de notre entreprise. C\u2019est pourquoi m\u00eame apr\u00e8s la vente, nous vous apportons tout autant d\u2019attention.\" \/>\n<meta property=\"og:url\" content=\"https:\/\/onivocuisine.com\/en\/after-sales-service\/\" \/>\n<meta property=\"og:site_name\" content=\"Onivo\" \/>\n<meta property=\"article:modified_time\" content=\"2024-01-24T19:52:58+00:00\" \/>\n<meta name=\"twitter:card\" content=\"summary_large_image\" \/>\n<meta name=\"twitter:label1\" content=\"Est. reading time\" \/>\n\t<meta name=\"twitter:data1\" content=\"2 minutes\" \/>\n<script type=\"application\/ld+json\" class=\"yoast-schema-graph\">{\"@context\":\"https:\\\/\\\/schema.org\",\"@graph\":[{\"@type\":\"WebPage\",\"@id\":\"https:\\\/\\\/onivocuisine.com\\\/en\\\/after-sales-service\\\/\",\"url\":\"https:\\\/\\\/onivocuisine.com\\\/en\\\/after-sales-service\\\/\",\"name\":\"Service apr\u00e8s-vente sans faille | Onivo | Rive-sud\",\"isPartOf\":{\"@id\":\"http:\\\/\\\/a55.688.myftpupload.com\\\/#website\"},\"datePublished\":\"2022-08-31T17:21:45+00:00\",\"dateModified\":\"2024-01-24T19:52:58+00:00\",\"description\":\"Nous avons \u00e0 c\u0153ur de bien vous servir. Votre confiance, votre soutien et votre fid\u00e9lit\u00e9 sont essentiels \u00e0 la r\u00e9ussite de notre entreprise. C\u2019est pourquoi m\u00eame apr\u00e8s la vente, nous vous apportons tout autant d\u2019attention.\",\"breadcrumb\":{\"@id\":\"https:\\\/\\\/onivocuisine.com\\\/en\\\/after-sales-service\\\/#breadcrumb\"},\"inLanguage\":\"en-US\",\"potentialAction\":[{\"@type\":\"ReadAction\",\"target\":[\"https:\\\/\\\/onivocuisine.com\\\/en\\\/after-sales-service\\\/\"]}]},{\"@type\":\"BreadcrumbList\",\"@id\":\"https:\\\/\\\/onivocuisine.com\\\/en\\\/after-sales-service\\\/#breadcrumb\",\"itemListElement\":[{\"@type\":\"ListItem\",\"position\":1,\"name\":\"Home\",\"item\":\"https:\\\/\\\/onivocuisine.com\\\/en\\\/\"},{\"@type\":\"ListItem\",\"position\":2,\"name\":\"After sales service\"}]},{\"@type\":\"WebSite\",\"@id\":\"http:\\\/\\\/a55.688.myftpupload.com\\\/#website\",\"url\":\"http:\\\/\\\/a55.688.myftpupload.com\\\/\",\"name\":\"Onivo\",\"description\":\"Cuisine, Salle de bain et mobilier sur mesure.\",\"potentialAction\":[{\"@type\":\"SearchAction\",\"target\":{\"@type\":\"EntryPoint\",\"urlTemplate\":\"http:\\\/\\\/a55.688.myftpupload.com\\\/?s={search_term_string}\"},\"query-input\":{\"@type\":\"PropertyValueSpecification\",\"valueRequired\":true,\"valueName\":\"search_term_string\"}}],\"inLanguage\":\"en-US\"}]}<\/script>\n<!-- \/ Yoast SEO plugin. -->","yoast_head_json":{"title":"Service apr\u00e8s-vente sans faille | Onivo | Rive-sud","description":"Nous avons \u00e0 c\u0153ur de bien vous servir. Votre confiance, votre soutien et votre fid\u00e9lit\u00e9 sont essentiels \u00e0 la r\u00e9ussite de notre entreprise. C\u2019est pourquoi m\u00eame apr\u00e8s la vente, nous vous apportons tout autant d\u2019attention.","robots":{"index":"index","follow":"follow","max-snippet":"max-snippet:-1","max-image-preview":"max-image-preview:large","max-video-preview":"max-video-preview:-1"},"canonical":"https:\/\/onivocuisine.com\/en\/after-sales-service\/","og_locale":"en_US","og_type":"article","og_title":"Service apr\u00e8s-vente sans faille | Onivo | Rive-sud","og_description":"Nous avons \u00e0 c\u0153ur de bien vous servir. Votre confiance, votre soutien et votre fid\u00e9lit\u00e9 sont essentiels \u00e0 la r\u00e9ussite de notre entreprise. C\u2019est pourquoi m\u00eame apr\u00e8s la vente, nous vous apportons tout autant d\u2019attention.","og_url":"https:\/\/onivocuisine.com\/en\/after-sales-service\/","og_site_name":"Onivo","article_modified_time":"2024-01-24T19:52:58+00:00","twitter_card":"summary_large_image","twitter_misc":{"Est. reading time":"2 minutes"},"schema":{"@context":"https:\/\/schema.org","@graph":[{"@type":"WebPage","@id":"https:\/\/onivocuisine.com\/en\/after-sales-service\/","url":"https:\/\/onivocuisine.com\/en\/after-sales-service\/","name":"Service apr\u00e8s-vente sans faille | Onivo | Rive-sud","isPartOf":{"@id":"http:\/\/a55.688.myftpupload.com\/#website"},"datePublished":"2022-08-31T17:21:45+00:00","dateModified":"2024-01-24T19:52:58+00:00","description":"Nous avons \u00e0 c\u0153ur de bien vous servir. Votre confiance, votre soutien et votre fid\u00e9lit\u00e9 sont essentiels \u00e0 la r\u00e9ussite de notre entreprise. C\u2019est pourquoi m\u00eame apr\u00e8s la vente, nous vous apportons tout autant d\u2019attention.","breadcrumb":{"@id":"https:\/\/onivocuisine.com\/en\/after-sales-service\/#breadcrumb"},"inLanguage":"en-US","potentialAction":[{"@type":"ReadAction","target":["https:\/\/onivocuisine.com\/en\/after-sales-service\/"]}]},{"@type":"BreadcrumbList","@id":"https:\/\/onivocuisine.com\/en\/after-sales-service\/#breadcrumb","itemListElement":[{"@type":"ListItem","position":1,"name":"Home","item":"https:\/\/onivocuisine.com\/en\/"},{"@type":"ListItem","position":2,"name":"After sales service"}]},{"@type":"WebSite","@id":"http:\/\/a55.688.myftpupload.com\/#website","url":"http:\/\/a55.688.myftpupload.com\/","name":"Onivo","description":"Cuisine, Salle de bain et mobilier sur mesure.","potentialAction":[{"@type":"SearchAction","target":{"@type":"EntryPoint","urlTemplate":"http:\/\/a55.688.myftpupload.com\/?s={search_term_string}"},"query-input":{"@type":"PropertyValueSpecification","valueRequired":true,"valueName":"search_term_string"}}],"inLanguage":"en-US"}]}},"_links":{"self":[{"href":"https:\/\/onivocuisine.com\/en\/wp-json\/wp\/v2\/pages\/16880","targetHints":{"allow":["GET"]}}],"collection":[{"href":"https:\/\/onivocuisine.com\/en\/wp-json\/wp\/v2\/pages"}],"about":[{"href":"https:\/\/onivocuisine.com\/en\/wp-json\/wp\/v2\/types\/page"}],"author":[{"embeddable":true,"href":"https:\/\/onivocuisine.com\/en\/wp-json\/wp\/v2\/users\/7"}],"replies":[{"embeddable":true,"href":"https:\/\/onivocuisine.com\/en\/wp-json\/wp\/v2\/comments?post=16880"}],"version-history":[{"count":2,"href":"https:\/\/onivocuisine.com\/en\/wp-json\/wp\/v2\/pages\/16880\/revisions"}],"predecessor-version":[{"id":18634,"href":"https:\/\/onivocuisine.com\/en\/wp-json\/wp\/v2\/pages\/16880\/revisions\/18634"}],"wp:attachment":[{"href":"https:\/\/onivocuisine.com\/en\/wp-json\/wp\/v2\/media?parent=16880"}],"curies":[{"name":"wp","href":"https:\/\/api.w.org\/{rel}","templated":true}]}}