{"id":16777,"date":"2022-08-30T14:29:48","date_gmt":"2022-08-30T14:29:48","guid":{"rendered":"https:\/\/onivocuisine.com\/service-de-designer-gratuit\/"},"modified":"2024-01-24T19:01:30","modified_gmt":"2024-01-24T19:01:30","slug":"free-design-advice","status":"publish","type":"page","link":"https:\/\/onivocuisine.com\/en\/free-design-advice\/","title":{"rendered":"Free design advice"},"content":{"rendered":"<p>[vc_row full_width=&#8221;stretch_row&#8221; gap=&#8221;0&#8243; full_height=&#8221;yes&#8221; columns_placement=&#8221;stretch&#8221; equal_height=&#8221;yes&#8221; content_placement=&#8221;middle&#8221; luminosity=&#8221;dark&#8221; bg_position=&#8221;left center&#8221; css=&#8221;.vc_custom_1661872192101{background-color: #262626 !important;background-position: center !important;background-repeat: no-repeat !important;background-size: contain !important;}&#8221; data_tooltip=&#8221;Mobile Connection&#8221;][vc_column offset=&#8221;vc_col-md-6&#8243; responsive_css=&#8221;padding_top_large:150px|padding_bottom_large:150px|padding_top_medium:0px|padding_right_medium:10vmax|padding_bottom_medium:0px|padding_left_medium:10vmax&#8221; css=&#8221;.vc_custom_1661969364534{padding-top: 50px !important;padding-right: 15px !important;padding-bottom: 50px !important;padding-left: 15px !important;}&#8221;]<style>.ld_fancy_heading_69fe1ac70fa3f h1{color:rgb(159, 159, 159);}.ld_fancy_heading_69fe1ac70fa3f h1 {margin-bottom:0.35em !important;  } .ld_fancy_heading_69fe1ac70fa3f .lqd-highlight-inner svg{height:0.275em!important;fill:rgb(255, 255, 255)!important;}.ld_fancy_heading_69fe1ac70fa3f h1 {margin-bottom:0.35em !important;  } .ld_fancy_heading_69fe1ac70fa3f .lqd-highlight-inner{bottom:0px!important;}.ld_fancy_heading_69fe1ac70fa3f h1 {margin-bottom:0.35em !important;  } <\/style><div class=\"ld-fancy-heading text-uppercase ld_fancy_heading_69fe1ac70fa3f\">\n\t<h1 class=\"ld-fh-element lqd-highlight-custom-underline lqd-highlight-grow-left text-decoration-default lqd-split-lines\"   data-split-text=\"true\" data-split-options='{\"type\":\"lines\"}' data-custom-animations=\"true\" data-ca-options='{\"triggerHandler\":\"inview\",\"animationTarget\":\".lqd-lines > .split-inner\",\"duration\":\"1800\",\"startDelay\":\"500\",\"delay\":\"100\",\"ease\":\"power4.out\",\"direction\":\"forward\",\"initValues\":{\"opacity\":0},\"animations\":{\"opacity\":1}}'>  DESIGN AND<br \/>\n3D PLAN<br \/>\nFREE<br \/>\n<\/h1><\/div><style>.ld_spacer_69fe1ac7119d0{height:22px;}<\/style>\n<div class=\"ld-empty-space ld_spacer_69fe1ac7119d0\"><\/div><style>.ld_fancy_heading_69fe1ac711ba8 p{color:rgba(159, 159, 159, 0.86);}.ld_fancy_heading_69fe1ac711ba8 p {font-size:23px; } .ld_fancy_heading_69fe1ac711ba8 p {line-height:1.52em; } .ld_fancy_heading_69fe1ac711ba8 p {--element-line-height:1.52em; } .ld_fancy_heading_69fe1ac711ba8 p {margin-bottom:1.75em !important;  } .ld_fancy_heading_69fe1ac711ba8 .lqd-highlight-inner{height:0.275em!important;bottom:0px!important;}.ld_fancy_heading_69fe1ac711ba8 p {font-size:23px; } .ld_fancy_heading_69fe1ac711ba8 p {line-height:1.52em; } .ld_fancy_heading_69fe1ac711ba8 p {--element-line-height:1.52em; } .ld_fancy_heading_69fe1ac711ba8 p {margin-bottom:1.75em !important;  } <\/style><div class=\"ld-fancy-heading ld_fancy_heading_69fe1ac711ba8\">\n\t<p class=\"ld-fh-element lqd-highlight-underline lqd-highlight-grow-left text-decoration-default lqd-split-words\"   data-split-text=\"true\" data-split-options='{\"type\":\"words\"}' data-custom-animations=\"true\" data-ca-options='{\"triggerHandler\":\"inview\",\"animationTarget\":\".lqd-words > .split-inner\",\"duration\":\"1800\",\"startDelay\":\"850\",\"delay\":\"80\",\"ease\":\"power4.out\",\"direction\":\"forward\",\"initValues\":{\"y\":-1,\"opacity\":0},\"animations\":{\"y\":0,\"opacity\":1}}'>  Are you hesitating to embark on your next renovation project? Let us help you gain clarity. Our design services are completely free of charge and come with no obligation on your part.<\/p>\n<p>Our team of talented designers will collaborate with you from the beginning to refine your ideas and choose materials that best suit your space and lifestyle. We will also provide you with a detailed 3D plan at no cost, allowing you to visualize the final result as early as the second meeting. This not only empowers you to make informed decisions but also helps you accurately plan your budget.<\/p><\/div><style>.ld_button_69fe1ac7126b9.btn-icon-solid .btn-icon{background:rgb(149, 155, 167);}.ld_button_69fe1ac7126b9.btn-icon-circle.btn-icon-ripple .btn-icon:before{border-color:rgb(149, 155, 167);}.ld_button_69fe1ac7126b9.btn-icon-solid:hover .btn-icon{background:rgb(38, 38, 38);}.ld_button_69fe1ac7126b9{background-color:rgb(149, 155, 167);border-color:rgb(149, 155, 167);color:rgb(255, 255, 255);}.ld_button_69fe1ac7126b9:hover{background-color:rgb(38, 38, 38);border-color:rgb(38, 38, 38);color:rgb(255, 255, 255);}.ld_button_69fe1ac7126b9 .btn-gradient-bg-hover{background:-webkit-linear-gradient(to right, rgb(38, 38, 38) 0%, rgb(38, 38, 38) 100%);background:linear-gradient(to right, rgb(38, 38, 38) 0%, rgb(38, 38, 38) 100%);}.ld_button_69fe1ac7126b9 .btn-gradient-border defs stop:first-child{stop-color:rgb(149, 155, 167);}.ld_button_69fe1ac7126b9 .btn-gradient-border defs stop:last-child{stop-color:rgb(149, 155, 167);}.ld_button_69fe1ac7126b9:hover .btn-gradient-border defs stop:first-child{stop-color:rgb(38, 38, 38);}.ld_button_69fe1ac7126b9:hover .btn-gradient-border defs stop:last-child{stop-color:rgb(38, 38, 38);}<\/style><a href=\"https:\/\/onivocuisine.com\/en\/free-meeting\/\" title=\"free-meeting\" class=\"btn btn-solid circle border-thin btn-has-label ld_button_69fe1ac7126b9 vc_custom_1664822697673\" >\n\t<span>\n\t\n\t\t\t\t\t<span class=\"btn-txt\" data-text=\"Book now\" >Book now<\/span>\n\t\t\n\t\t\t\t\t<\/span>\n<\/a>\n[\/vc_column][vc_column bg_position=&#8221;center top&#8221; offset=&#8221;vc_col-md-6&#8243; css=&#8221;.vc_custom_1705955124849{padding-top: 20vh !important;padding-bottom: 20vh !important;background-image: url(https:\/\/onivocuisine.com\/wp-content\/uploads\/2023\/10\/iStock-1189488239.jpg?id=18369) !important;background-position: center !important;background-repeat: no-repeat !important;background-size: cover !important;}&#8221;][\/vc_column][\/vc_row][vc_row content_placement=&#8221;bottom&#8221; disable_element=&#8221;yes&#8221; responsive_css=&#8221;padding_top_large:50px|padding_bottom_large:150px&#8221; css=&#8221;.vc_custom_1661969653636{padding-top: 50px !important;padding-bottom: 50px !important;}&#8221;][vc_column width=&#8221;7\/12&#8243;]<style>@media (min-width: 1200px) { .ld_images_group_element_69fe1ac713fdc {top:-20% !important;  }  } @media (min-width: 1200px) { .ld_images_group_element_69fe1ac713fdc {top:-20% !important;  }  } <\/style><div id=\"ld_images_group_element_69fe1ac713fdc\" class=\"lqd-imggrp-single ld_images_group_element_69fe1ac713fdc\" data-roundness=\"6\"  >\n\t\n\t<div class=\"lqd-imggrp-img-container\"  data-reveal=\"true\" data-reveal-options='{\"direction\":\"lr\",\"bgcolor\":\"rgb(38, 38, 38)\",\"delay\":\"\"}'  data-parallax=\"true\" data-parallax-from='{\"x\":-308,\"y\":50}' data-parallax-to='{\"x\":0,\"y\":0}' data-parallax-options='{\"overflowHidden\":false,\"ease\":\"linear\",\"start\":\"top bottom\"}'>\n\t\t\n\t\t\t\t\n\t\t\t\t<figure ><img loading=\"lazy\" decoding=\"async\" width=\"2048\" height=\"2195\" src=\"https:\/\/onivocuisine.com\/wp-content\/uploads\/2022\/08\/ali-moradi-Y4gPuT2FODI-unsplash.jpg\" class=\"attachment-full size-full\" alt=\"\" srcset=\"https:\/\/onivocuisine.com\/wp-content\/uploads\/2022\/08\/ali-moradi-Y4gPuT2FODI-unsplash.jpg 2048w, https:\/\/onivocuisine.com\/wp-content\/uploads\/2022\/08\/ali-moradi-Y4gPuT2FODI-unsplash-280x300.jpg 280w, https:\/\/onivocuisine.com\/wp-content\/uploads\/2022\/08\/ali-moradi-Y4gPuT2FODI-unsplash-956x1024.jpg 956w\" sizes=\"auto, (max-width: 2048px) 100vw, 2048px\" \/><\/figure>\t\t\t\t\t\t\t\t\n\t<\/div><!-- \/.lqd-imggrp-content -->\n<\/div><!-- \/.lqd-imggrp-single -->[\/vc_column][vc_column width=&#8221;1\/12&#8243;][\/vc_column][vc_column width=&#8221;1\/3&#8243;]<style>.ld_fancy_heading_69fe1ac7183b2 h6{color:rgb(255, 255, 255);}.ld_fancy_heading_69fe1ac7183b2 h6 {margin-bottom:1em !important;  } @media (min-width: 992px) { .ld_fancy_heading_69fe1ac7183b2 h6 {margin-bottom:2.7em !important;  }  } .ld_fancy_heading_69fe1ac7183b2 .lqd-highlight-inner{height:0.275em!important;bottom:0px!important;}.ld_fancy_heading_69fe1ac7183b2 h6 {margin-bottom:1em !important;  } @media (min-width: 992px) { .ld_fancy_heading_69fe1ac7183b2 h6 {margin-bottom:2.7em !important;  }  } <\/style><div class=\"ld-fancy-heading ld_fancy_heading_69fe1ac7183b2\">\n\t<h6 class=\"ld-fh-element lqd-highlight-underline lqd-highlight-grow-left text-decoration-default\"   >  \u2014 Service personnalis\u00e9<\/h6><\/div><style>.ld_fancy_heading_69fe1ac71b34c h3 {margin-bottom:1.5em !important;  } @media (min-width: 992px) { .ld_fancy_heading_69fe1ac71b34c h3 {margin-bottom:1.7em !important;  }  } .ld_fancy_heading_69fe1ac71b34c .lqd-highlight-inner{height:100%!important;bottom:0px!important;background:rgb(149, 155, 167)!important;}.ld_fancy_heading_69fe1ac71b34c h3 {margin-bottom:1.5em !important;  } @media (min-width: 992px) { .ld_fancy_heading_69fe1ac71b34c h3 {margin-bottom:1.7em !important;  }  } <\/style><div class=\"ld-fancy-heading ld_fancy_heading_69fe1ac71b34c\">\n\t<h3 class=\"ld-fh-element lqd-highlight-underline lqd-highlight-grow-left text-decoration-default\"  data-inview=\"true\" data-transition-delay=\"true\" data-delay-options=\"{&quot;elements&quot;:&quot;.lqd-highlight-inner&quot;,&quot;delayType&quot;:&quot;transition&quot;}\"  >  Service de designer <mark class=\"lqd-highlight\"><span class=\"lqd-highlight-txt\"  >Gratuite<\/span><span class=\"lqd-highlight-inner\"><svg class=\"lqd-highlight-brush-svg\" xmlns=\"http:\/\/www.w3.org\/2000\/svg\" width=\"235.509\" height=\"13.504\" viewBox=\"0 0 235.509 13.504\" aria-hidden=\"true\" preserveAspectRatio=\"none\"><path d=\"M163,.383a13.044,13.044,0,0,1,1.517-.072,3.528,3.528,0,0,1,1.237-.134q.618.044,1.237.044a.249.249,0,0,1-.1.178.337.337,0,0,0-.1.266q3.092.088,6.184-.044T178.953.4l-.206-.088a12,12,0,0,0,4.123,0,13.467,13.467,0,0,1,5.772,0q1.443-.178,2.68-.266A5.978,5.978,0,0,1,193.8.4,16.707,16.707,0,0,1,198.01.045q2.164.088,4.844.088-.618.088-.824.134L201.412.4a3.893,3.893,0,0,0,2.061,0,5.413,5.413,0,0,1,1.649-.356q.618.088,1.134.178a9.762,9.762,0,0,0,1.544.09,17,17,0,0,1,3.092-.266q1.649,0,3.5.178,2.886.088,5.875.044t5.875-.222q0,.088.206.088h.412a21.975,21.975,0,0,0,2.577.889A12.458,12.458,0,0,1,232.12,2.18a3.962,3.962,0,0,1,1.031.622A3.349,3.349,0,0,1,234.8,3.825a5.079,5.079,0,0,1,.618,1.111q.412.534-1.031.98-1.031.444-.618.98a2.09,2.09,0,0,1,.206.889q0,.444.825.889.618.8-.206,1.245l-1.237.534q-1.443-.088-2.68-.134a17.255,17.255,0,0,1-2.267-.222,3.128,3.128,0,0,0-.928-.044,3.129,3.129,0,0,1-.928-.044q-2.267-.178-4.432-.266T217.7,9.476q-1.649-.088-2.886-.088a17.343,17.343,0,0,1-2.474-.178q-3.916,0-7.73-.088t-7.73-.266l-12.471-.178q-6.287-.088-12.883-.088h-1.958q-.928,0-1.958.088h-2.061q-1.031,0-2.061-.088-2.68-.088-5.256-.134t-5.256.044h-5.462q-2.577,0-5.462.088-4.535.088-8.76.178t-8.554.088q-2.886.088-5.875.088t-5.875.088q-1.443.088-2.886.134t-3.092.044q-4.741.178-9.791.312t-9.791.312q-2.267.088-4.329.088T78.77,10.1q-4.329.266-8.863.49t-9.276.49q-1.237.088-2.68.134a24.356,24.356,0,0,0-2.683.224q-2.68.178-5.462.312t-5.668.4q-2.474.266-4.741.312t-4.741.044q-1.031-.088-1.958-.134a9.684,9.684,0,0,1-1.958-.312,12.5,12.5,0,0,0-1.443-.312q-.825-.134-1.856-.31-2.886.356-6.39.666t-6.8.845a26.709,26.709,0,0,1-2.886.356,20.758,20.758,0,0,1-9.482-.889Q.232,11.962.026,11.25T1.263,9.917q0-.266.825-.266a13.039,13.039,0,0,0,2.886-.444A17.187,17.187,0,0,1,7.86,8.672q3.092-.266,6.184-.8,1.649-.178,3.3-.312t3.5-.312q4.123-.354,8.039-.712t8.039-.622q9.478-.8,18.758-1.338,2.68-.178,5.153-.356t4.741-.356q2.474-.178,5.05-.356T75.88,3.24h1.34a4.829,4.829,0,0,0,1.34-.178q2.267-.178,4.329-.222t4.329-.134a7.256,7.256,0,0,1,2.267,0,3.459,3.459,0,0,0,1.031-.088,6.009,6.009,0,0,1,2.37-.266,14.745,14.745,0,0,0,2.783-.088q1.649,0,2.474.088a1.308,1.308,0,0,1,.185.011,1.226,1.226,0,0,1,.33-.1,3.656,3.656,0,0,0,.515-.088,4.433,4.433,0,0,1,2.886.266q.412-.088,1.031-.178l1.237-.178q.412,0,1.031.044a5.761,5.761,0,0,0,1.237-.044q2.886-.088,5.772-.044a53.829,53.829,0,0,0,5.772-.222,9.505,9.505,0,0,1,1.34-.088h1.34a4.428,4.428,0,0,1,.821-.258l.825-.178a15.178,15.178,0,0,1,1.855.444,3.028,3.028,0,0,1,1.031-.534,4.039,4.039,0,0,1,1.443-.178,6.158,6.158,0,0,1,1.649.178,5.05,5.05,0,0,0,2.267.268q1.855-.088,3.813-.134T138.13,1.2q1.031,0,2.164-.044t2.37-.044q-.206-.088.412-.534h3.092q.412,0,.309.266t.928,0a5.845,5.845,0,0,1,1.443,0,31.833,31.833,0,0,0,5.359.088,21.471,21.471,0,0,1,6.8.178,5.236,5.236,0,0,0,1.031-.4q.412-.222.825-.4a.694.694,0,0,1,.137.07Z\" transform=\"translate(0 0.002)\"\/><\/svg><\/span><\/mark> offert \u00e0 domicile.<\/h3><\/div><style>.ld_fancy_heading_69fe1ac71e802 p {margin-bottom:1.5em !important;  } @media (min-width: 992px) { .ld_fancy_heading_69fe1ac71e802 p {margin-bottom:1.7em !important;  }  } .ld_fancy_heading_69fe1ac71e802 .lqd-highlight-inner{height:100%!important;bottom:0px!important;background:rgba(9, 94, 193, 0.11)!important;}.ld_fancy_heading_69fe1ac71e802 p {margin-bottom:1.5em !important;  } @media (min-width: 992px) { .ld_fancy_heading_69fe1ac71e802 p {margin-bottom:1.7em !important;  }  } <\/style><div class=\"ld-fancy-heading ld_fancy_heading_69fe1ac71e802\">\n\t<p class=\"ld-fh-element lqd-highlight-underline lqd-highlight-grow-left text-decoration-default\"   >  Onivo offre un service de design personnalis\u00e9 \u00e0 domicile. Un conseiller exp\u00e9riment\u00e9 se rendra chez vous afin de d\u00e9velopper votre nouveau d\u00e9cor en fonction des pi\u00e8ces de votre maison et de votre mobilier existant. Que ce soit, par exemple, pour la s\u00e9lection d\u2019un couvre-plancher pour une pi\u00e8ce de votre demeure ou pour le choix de stores ou de rideaux appropri\u00e9s, vous appr\u00e9cierez les conseils judicieux de notre personnel hautement qualifi\u00e9.<br \/>\n<\/p><\/div><style>.ld_button_69fe1ac720524.btn-icon-solid:hover .btn-icon{background:rgb(38, 38, 38);}.ld_button_69fe1ac720524:hover{background-color:rgb(38, 38, 38);border-color:rgb(38, 38, 38);color:rgb(149, 155, 167);}.ld_button_69fe1ac720524 .btn-gradient-bg-hover{background:-webkit-linear-gradient(to right, rgb(38, 38, 38) 0%, rgb(38, 38, 38) 100%);background:linear-gradient(to right, rgb(38, 38, 38) 0%, rgb(38, 38, 38) 100%);}.ld_button_69fe1ac720524:hover .btn-gradient-border defs stop:first-child{stop-color:rgb(38, 38, 38);}.ld_button_69fe1ac720524:hover .btn-gradient-border defs stop:last-child{stop-color:rgb(38, 38, 38);}.ld_button_69fe1ac720524{color:rgb(255, 255, 255);}.ld_button_69fe1ac720524 {font-weight:600; } .ld_button_69fe1ac720524 {font-weight:600; } .ld_button_69fe1ac720524 {font-weight:600; } <\/style><a href=\"#\" class=\"btn btn-solid circle border-thin btn-has-label ld_button_69fe1ac720524\" >\n\t<span>\n\t\n\t\t\t\t\t<span class=\"btn-txt\" data-text=\"Rencontre gratuite\" >Rencontre gratuite<\/span>\n\t\t\n\t\t\t\t\t<\/span>\n<\/a>\n[\/vc_column][\/vc_row][vc_row full_width=&#8221;stretch_row&#8221; gap=&#8221;0&#8243;][vc_column width=&#8221;1\/2&#8243; responsive_css=&#8221;margin_left_large:-20px&#8221;]<style>.ld_button_69fe1ac721fde.btn-icon-solid .btn-icon{background:rgb(224, 225, 227);}.ld_button_69fe1ac721fde.btn-icon-circle.btn-icon-ripple .btn-icon:before{border-color:rgb(224, 225, 227);}.ld_button_69fe1ac721fde{background-color:rgb(224, 225, 227);border-color:rgb(224, 225, 227);color:rgb(38, 38, 38);}.ld_button_69fe1ac721fde .btn-gradient-border defs stop:first-child{stop-color:rgb(224, 225, 227);}.ld_button_69fe1ac721fde .btn-gradient-border defs stop:last-child{stop-color:rgb(224, 225, 227);}.ld_button_69fe1ac721fde {font-size:30px; } .ld_button_69fe1ac721fde {font-weight:600; } .ld_button_69fe1ac721fde {font-size:30px; } .ld_button_69fe1ac721fde {font-weight:600; } .ld_button_69fe1ac721fde {font-size:30px; } .ld_button_69fe1ac721fde {font-weight:600; } .ld_button_69fe1ac721fde {font-size:30px; } .ld_button_69fe1ac721fde {font-weight:600; } <\/style><a href=\"https:\/\/onivocuisine.com\/en\/home-visit\/\" title=\"Home visit\" class=\"btn btn-solid btn-xlg border-thicker btn-block btn-has-label ld_button_69fe1ac721fde vc_custom_1664826692187\" >\n\t<span>\n\t\n\t\t\t\t\t<span class=\"btn-txt\" data-text=\"Home visit\" >Home visit<\/span>\n\t\t\n\t\t\t\t\t<\/span>\n<\/a>\n[\/vc_column][vc_column width=&#8221;1\/2&#8243; responsive_css=&#8221;margin_right_large:-20px&#8221;]<style>.ld_button_69fe1ac7248b7.btn-icon-solid .btn-icon{background:rgb(38, 38, 38);}.ld_button_69fe1ac7248b7.btn-icon-circle.btn-icon-ripple .btn-icon:before{border-color:rgb(38, 38, 38);}.ld_button_69fe1ac7248b7{background-color:rgb(38, 38, 38);border-color:rgb(38, 38, 38);}.ld_button_69fe1ac7248b7 .btn-gradient-border defs stop:first-child{stop-color:rgb(38, 38, 38);}.ld_button_69fe1ac7248b7 .btn-gradient-border defs stop:last-child{stop-color:rgb(38, 38, 38);}.ld_button_69fe1ac7248b7 {font-size:30px; } .ld_button_69fe1ac7248b7 {font-weight:600; } .ld_button_69fe1ac7248b7 {font-size:30px; } .ld_button_69fe1ac7248b7 {font-weight:600; } .ld_button_69fe1ac7248b7 {font-size:30px; } .ld_button_69fe1ac7248b7 {font-weight:600; } .ld_button_69fe1ac7248b7 {font-size:30px; } .ld_button_69fe1ac7248b7 {font-weight:600; } <\/style><a href=\"https:\/\/onivocuisine.com\/en\/branch-visit\/\" title=\"Branch visit\" class=\"btn btn-solid btn-xlg border-thicker btn-block btn-has-label ld_button_69fe1ac7248b7 vc_custom_1664826709532\" >\n\t<span>\n\t\n\t\t\t\t\t<span class=\"btn-txt\" data-text=\"Branch visit\" >Branch visit<\/span>\n\t\t\n\t\t\t\t\t<\/span>\n<\/a>\n[\/vc_column][\/vc_row]<\/p>\n","protected":false},"excerpt":{"rendered":"<p>[vc_row full_width=&#8221;stretch_row&#8221; gap=&#8221;0&#8243; full_height=&#8221;yes&#8221; columns_placement=&#8221;stretch&#8221; equal_height=&#8221;yes&#8221; content_placement=&#8221;middle&#8221; luminosity=&#8221;dark&#8221; bg_position=&#8221;left center&#8221; css=&#8221;.vc_custom_1661872192101{background-color: #262626 !important;background-position: center !important;background-repeat: no-repeat !important;background-size: contain !important;}&#8221; data_tooltip=&#8221;Mobile Connection&#8221;][vc_column offset=&#8221;vc_col-md-6&#8243; responsive_css=&#8221;padding_top_large:150px|padding_bottom_large:150px|padding_top_medium:0px|padding_right_medium:10vmax|padding_bottom_medium:0px|padding_left_medium:10vmax&#8221; css=&#8221;.vc_custom_1661969364534{padding-top: 50px !important;padding-right: 15px !important;padding-bottom: 50px !important;padding-left: 15px !important;}&#8221;][\/vc_column][vc_column bg_position=&#8221;center top&#8221; offset=&#8221;vc_col-md-6&#8243; css=&#8221;.vc_custom_1705955124849{padding-top: 20vh !important;padding-bottom: 20vh !important;background-image: url(https:\/\/onivocuisine.com\/wp-content\/uploads\/2023\/10\/iStock-1189488239.jpg?id=18369) !important;background-position: center !important;background-repeat: no-repeat !important;background-size: cover !important;}&#8221;][\/vc_column][\/vc_row][vc_row content_placement=&#8221;bottom&#8221; disable_element=&#8221;yes&#8221; responsive_css=&#8221;padding_top_large:50px|padding_bottom_large:150px&#8221; css=&#8221;.vc_custom_1661969653636{padding-top: 50px !important;padding-bottom: 50px [&hellip;]<\/p>\n","protected":false},"author":7,"featured_media":0,"parent":0,"menu_order":0,"comment_status":"closed","ping_status":"closed","template":"","meta":{"footnotes":""},"class_list":["post-16777","page","type-page","status-publish","hentry"],"yoast_head":"<!-- This site is optimized with the Yoast SEO plugin v27.5 - https:\/\/yoast.com\/product\/yoast-seo-wordpress\/ -->\n<title>Free Designer Service | Onivo | South Shore<\/title>\n<meta name=\"description\" content=\"Looking for advice or decorating ideas for your home or business? In addition to being on the lookout for the latest trends in interior design and layout, our consultants, designers and decorators have a solid knowledge of the products available on the market.\" \/>\n<meta name=\"robots\" content=\"index, follow, max-snippet:-1, max-image-preview:large, max-video-preview:-1\" \/>\n<link rel=\"canonical\" href=\"https:\/\/onivocuisine.com\/en\/free-design-advice\/\" \/>\n<meta property=\"og:locale\" content=\"en_US\" \/>\n<meta property=\"og:type\" content=\"article\" \/>\n<meta property=\"og:title\" content=\"Free Designer Service | Onivo | South Shore\" \/>\n<meta property=\"og:description\" content=\"Looking for advice or decorating ideas for your home or business? In addition to being on the lookout for the latest trends in interior design and layout, our consultants, designers and decorators have a solid knowledge of the products available on the market.\" \/>\n<meta property=\"og:url\" content=\"https:\/\/onivocuisine.com\/en\/free-design-advice\/\" \/>\n<meta property=\"og:site_name\" content=\"Onivo\" \/>\n<meta property=\"article:modified_time\" content=\"2024-01-24T19:01:30+00:00\" \/>\n<meta name=\"twitter:card\" content=\"summary_large_image\" \/>\n<meta name=\"twitter:label1\" content=\"Est. reading time\" \/>\n\t<meta name=\"twitter:data1\" content=\"3 minutes\" \/>\n<script type=\"application\/ld+json\" class=\"yoast-schema-graph\">{\"@context\":\"https:\\\/\\\/schema.org\",\"@graph\":[{\"@type\":\"WebPage\",\"@id\":\"https:\\\/\\\/onivocuisine.com\\\/en\\\/free-design-advice\\\/\",\"url\":\"https:\\\/\\\/onivocuisine.com\\\/en\\\/free-design-advice\\\/\",\"name\":\"Free Designer Service | Onivo | South Shore\",\"isPartOf\":{\"@id\":\"http:\\\/\\\/a55.688.myftpupload.com\\\/#website\"},\"datePublished\":\"2022-08-30T14:29:48+00:00\",\"dateModified\":\"2024-01-24T19:01:30+00:00\",\"description\":\"Looking for advice or decorating ideas for your home or business? In addition to being on the lookout for the latest trends in interior design and layout, our consultants, designers and decorators have a solid knowledge of the products available on the market.\",\"breadcrumb\":{\"@id\":\"https:\\\/\\\/onivocuisine.com\\\/en\\\/free-design-advice\\\/#breadcrumb\"},\"inLanguage\":\"en-US\",\"potentialAction\":[{\"@type\":\"ReadAction\",\"target\":[\"https:\\\/\\\/onivocuisine.com\\\/en\\\/free-design-advice\\\/\"]}]},{\"@type\":\"BreadcrumbList\",\"@id\":\"https:\\\/\\\/onivocuisine.com\\\/en\\\/free-design-advice\\\/#breadcrumb\",\"itemListElement\":[{\"@type\":\"ListItem\",\"position\":1,\"name\":\"Home\",\"item\":\"https:\\\/\\\/onivocuisine.com\\\/en\\\/\"},{\"@type\":\"ListItem\",\"position\":2,\"name\":\"Free design advice\"}]},{\"@type\":\"WebSite\",\"@id\":\"http:\\\/\\\/a55.688.myftpupload.com\\\/#website\",\"url\":\"http:\\\/\\\/a55.688.myftpupload.com\\\/\",\"name\":\"Onivo\",\"description\":\"Cuisine, Salle de bain et mobilier sur mesure.\",\"potentialAction\":[{\"@type\":\"SearchAction\",\"target\":{\"@type\":\"EntryPoint\",\"urlTemplate\":\"http:\\\/\\\/a55.688.myftpupload.com\\\/?s={search_term_string}\"},\"query-input\":{\"@type\":\"PropertyValueSpecification\",\"valueRequired\":true,\"valueName\":\"search_term_string\"}}],\"inLanguage\":\"en-US\"}]}<\/script>\n<!-- \/ Yoast SEO plugin. -->","yoast_head_json":{"title":"Free Designer Service | Onivo | South Shore","description":"Looking for advice or decorating ideas for your home or business? In addition to being on the lookout for the latest trends in interior design and layout, our consultants, designers and decorators have a solid knowledge of the products available on the market.","robots":{"index":"index","follow":"follow","max-snippet":"max-snippet:-1","max-image-preview":"max-image-preview:large","max-video-preview":"max-video-preview:-1"},"canonical":"https:\/\/onivocuisine.com\/en\/free-design-advice\/","og_locale":"en_US","og_type":"article","og_title":"Free Designer Service | Onivo | South Shore","og_description":"Looking for advice or decorating ideas for your home or business? In addition to being on the lookout for the latest trends in interior design and layout, our consultants, designers and decorators have a solid knowledge of the products available on the market.","og_url":"https:\/\/onivocuisine.com\/en\/free-design-advice\/","og_site_name":"Onivo","article_modified_time":"2024-01-24T19:01:30+00:00","twitter_card":"summary_large_image","twitter_misc":{"Est. reading time":"3 minutes"},"schema":{"@context":"https:\/\/schema.org","@graph":[{"@type":"WebPage","@id":"https:\/\/onivocuisine.com\/en\/free-design-advice\/","url":"https:\/\/onivocuisine.com\/en\/free-design-advice\/","name":"Free Designer Service | Onivo | South Shore","isPartOf":{"@id":"http:\/\/a55.688.myftpupload.com\/#website"},"datePublished":"2022-08-30T14:29:48+00:00","dateModified":"2024-01-24T19:01:30+00:00","description":"Looking for advice or decorating ideas for your home or business? In addition to being on the lookout for the latest trends in interior design and layout, our consultants, designers and decorators have a solid knowledge of the products available on the market.","breadcrumb":{"@id":"https:\/\/onivocuisine.com\/en\/free-design-advice\/#breadcrumb"},"inLanguage":"en-US","potentialAction":[{"@type":"ReadAction","target":["https:\/\/onivocuisine.com\/en\/free-design-advice\/"]}]},{"@type":"BreadcrumbList","@id":"https:\/\/onivocuisine.com\/en\/free-design-advice\/#breadcrumb","itemListElement":[{"@type":"ListItem","position":1,"name":"Home","item":"https:\/\/onivocuisine.com\/en\/"},{"@type":"ListItem","position":2,"name":"Free design advice"}]},{"@type":"WebSite","@id":"http:\/\/a55.688.myftpupload.com\/#website","url":"http:\/\/a55.688.myftpupload.com\/","name":"Onivo","description":"Cuisine, Salle de bain et mobilier sur mesure.","potentialAction":[{"@type":"SearchAction","target":{"@type":"EntryPoint","urlTemplate":"http:\/\/a55.688.myftpupload.com\/?s={search_term_string}"},"query-input":{"@type":"PropertyValueSpecification","valueRequired":true,"valueName":"search_term_string"}}],"inLanguage":"en-US"}]}},"_links":{"self":[{"href":"https:\/\/onivocuisine.com\/en\/wp-json\/wp\/v2\/pages\/16777","targetHints":{"allow":["GET"]}}],"collection":[{"href":"https:\/\/onivocuisine.com\/en\/wp-json\/wp\/v2\/pages"}],"about":[{"href":"https:\/\/onivocuisine.com\/en\/wp-json\/wp\/v2\/types\/page"}],"author":[{"embeddable":true,"href":"https:\/\/onivocuisine.com\/en\/wp-json\/wp\/v2\/users\/7"}],"replies":[{"embeddable":true,"href":"https:\/\/onivocuisine.com\/en\/wp-json\/wp\/v2\/comments?post=16777"}],"version-history":[{"count":8,"href":"https:\/\/onivocuisine.com\/en\/wp-json\/wp\/v2\/pages\/16777\/revisions"}],"predecessor-version":[{"id":18631,"href":"https:\/\/onivocuisine.com\/en\/wp-json\/wp\/v2\/pages\/16777\/revisions\/18631"}],"wp:attachment":[{"href":"https:\/\/onivocuisine.com\/en\/wp-json\/wp\/v2\/media?parent=16777"}],"curies":[{"name":"wp","href":"https:\/\/api.w.org\/{rel}","templated":true}]}}